{"id":3,"date":"2025-03-04T13:22:30","date_gmt":"2025-03-04T12:22:30","guid":{"rendered":"https:\/\/www.ai-storytelling.de\/?page_id=3"},"modified":"2025-06-06T11:01:47","modified_gmt":"2025-06-06T09:01:47","slug":"datenschutzerklaerung","status":"publish","type":"page","link":"https:\/\/www.ai-storytelling.de\/?page_id=3","title":{"rendered":"Datenschutzerkl\u00e4rung"},"content":{"rendered":"\n<p><\/p>\n\n\n\n<p>Im Rahmen der Nutzung dieser Webseite werden personenbezogene Daten von Ihnen durch uns als den f\u00fcr die Datenverarbeitung Verantwortlichen verarbeitet und f\u00fcr die Dauer gespeichert, die zur Erf\u00fcllung der festgelegten Zwecke und gesetzlicher Verpflichtungen erforderlich ist. Im Folgenden informieren wir Sie dar\u00fcber, um welche Daten es sich dabei handelt, auf welche Weise sie verarbeitet werden und welche Rechte Ihnen diesbez\u00fcglich zustehen. <\/p>\n\n\n\n<p>Personenbezogene Daten sind gem\u00e4\u00df Art. 4 Nr. 1 Datenschutzgrundverordnung (DSGVO) alle Informationen, die sich auf eine identifizierte oder identifizierbare nat\u00fcrliche Person beziehen.<\/p>\n\n\n\n<p>1. Name und Kontaktdaten des f\u00fcr die Verarbeitung Verantwortlichen sowie des betrieblichen Datenschutzbeauftragten.<\/p>\n\n\n\n<p>Diese Datenschutzinformation gilt f\u00fcr die Datenverarbeitung auf unserer Webseite https:\/\/www.ai-storytelling.de\/ durch die Verantwortliche:<\/p>\n\n\n\n<p>Pia S\u200bt\u00fcrzebecher, M. Sc.<br>Fraunhofer Institut f\u00fcr Fabrikbetrieb und -automatisierung IFF<br><em>Abteilung Menschzentrierte Arbeitssysteme, Gruppe Digitale Assistenz- und Lernsysteme<br><\/em>Sandtorstr. 22, 39106 Magdeburg, Germany<br>Telefon +49 391\/40 90-309<\/p>\n\n\n\n<p><br>pia.stuerzebecher(at)iff.fraunhofer.de<br>http:\/\/www.iff.fraunhofer.de\u200b<\/p>\n\n\n\n<p><strong class=\"privacy-policy-tutorial\">Textvorschlag: <\/strong>Die Adresse unserer Website ist: https:\/\/www.ai-storytelling.de<\/p>\n\n\n\n<p><\/p>\n","protected":false},"excerpt":{"rendered":"<p>Im Rahmen der Nutzung dieser Webseite werden personenbezogene Daten von Ihnen durch uns als den f\u00fcr die Datenverarbeitung Verantwortlichen verarbeitet und f\u00fcr die Dauer gespeichert, die zur Erf\u00fcllung der festgelegten Zwecke und gesetzlicher Verpflichtungen erforderlich ist. Im Folgenden informieren wir Sie dar\u00fcber, um welche Daten es sich dabei handelt, auf welche Weise sie verarbeitet werden [&hellip;]<\/p>\n","protected":false},"author":1,"featured_media":0,"parent":0,"menu_order":0,"comment_status":"closed","ping_status":"open","template":"","meta":{"_uag_custom_page_level_css":"","footnotes":""},"class_list":["post-3","page","type-page","status-publish","hentry"],"uagb_featured_image_src":{"full":false,"thumbnail":false,"medium":false,"medium_large":false,"large":false,"1536x1536":false,"2048x2048":false},"uagb_author_info":{"display_name":"admin","author_link":"https:\/\/www.ai-storytelling.de\/?author=1"},"uagb_comment_info":0,"uagb_excerpt":"Im Rahmen der Nutzung dieser Webseite werden personenbezogene Daten von Ihnen durch uns als den f\u00fcr die Datenverarbeitung Verantwortlichen verarbeitet und f\u00fcr die Dauer gespeichert, die zur Erf\u00fcllung der festgelegten Zwecke und gesetzlicher Verpflichtungen erforderlich ist. Im Folgenden informieren wir Sie dar\u00fcber, um welche Daten es sich dabei handelt, auf welche Weise sie verarbeitet werden&hellip;","_links":{"self":[{"href":"https:\/\/www.ai-storytelling.de\/index.php?rest_route=\/wp\/v2\/pages\/3","targetHints":{"allow":["GET"]}}],"collection":[{"href":"https:\/\/www.ai-storytelling.de\/index.php?rest_route=\/wp\/v2\/pages"}],"about":[{"href":"https:\/\/www.ai-storytelling.de\/index.php?rest_route=\/wp\/v2\/types\/page"}],"author":[{"embeddable":true,"href":"https:\/\/www.ai-storytelling.de\/index.php?rest_route=\/wp\/v2\/users\/1"}],"replies":[{"embeddable":true,"href":"https:\/\/www.ai-storytelling.de\/index.php?rest_route=%2Fwp%2Fv2%2Fcomments&post=3"}],"version-history":[{"count":2,"href":"https:\/\/www.ai-storytelling.de\/index.php?rest_route=\/wp\/v2\/pages\/3\/revisions"}],"predecessor-version":[{"id":470,"href":"https:\/\/www.ai-storytelling.de\/index.php?rest_route=\/wp\/v2\/pages\/3\/revisions\/470"}],"wp:attachment":[{"href":"https:\/\/www.ai-storytelling.de\/index.php?rest_route=%2Fwp%2Fv2%2Fmedia&parent=3"}],"curies":[{"name":"wp","href":"https:\/\/api.w.org\/{rel}","templated":true}]}}