{"id":198,"date":"2025-05-27T09:30:41","date_gmt":"2025-05-27T07:30:41","guid":{"rendered":"https:\/\/www.ai-storytelling.de\/?page_id=198"},"modified":"2025-06-11T17:55:27","modified_gmt":"2025-06-11T15:55:27","slug":"fraunhofer-iese-softwareinnovation-fuer-die-digitale-welt","status":"publish","type":"page","link":"https:\/\/www.ai-storytelling.de\/?page_id=198","title":{"rendered":""},"content":{"rendered":"\n<div class=\"wp-block-uagb-image aligncenter uagb-block-07dba3e7 wp-block-uagb-image--layout-default wp-block-uagb-image--effect-static wp-block-uagb-image--align-center\"><figure class=\"wp-block-uagb-image__figure\"><img decoding=\"async\" srcset=\"https:\/\/www.ai-storytelling.de\/wp-content\/uploads\/2025\/06\/Fraunhofer-IESE_logo.png ,https:\/\/www.ai-storytelling.de\/wp-content\/uploads\/2025\/06\/Fraunhofer-IESE_logo.png 780w, https:\/\/www.ai-storytelling.de\/wp-content\/uploads\/2025\/06\/Fraunhofer-IESE_logo.png 360w\" sizes=\"(max-width: 480px) 150px\" src=\"https:\/\/www.ai-storytelling.de\/wp-content\/uploads\/2025\/06\/Fraunhofer-IESE_logo.png\" alt=\"\" class=\"uag-image-425\" width=\"500\" height=\"274\" title=\"Fraunhofer-IESE_logo\" loading=\"lazy\" role=\"img\"\/><\/figure><\/div>\n\n\n\n<p><\/p>\n\n\n\n<p><\/p>\n\n\n\n<div class=\"wp-block-cover\" style=\"min-height:119px;aspect-ratio:unset;\"><span aria-hidden=\"true\" class=\"wp-block-cover__background has-background-dim-100 has-background-dim has-background-gradient has-light-green-cyan-to-vivid-green-cyan-gradient-background\"><\/span><div class=\"wp-block-cover__inner-container is-layout-constrained wp-block-cover-is-layout-constrained\">\n<p class=\"has-text-align-center has-large-font-size\">Softwareinnovation f\u00fcr die digitale Welt<\/p>\n<\/div><\/div>\n\n\n\n<p>Das&nbsp;<strong>Fraunhofer-Institut f\u00fcr Experimentelles Software Engineering IESE<\/strong>&nbsp;mit Sitz in&nbsp;<strong>Kaiserslautern<\/strong>&nbsp;ist eines der f\u00fchrenden Institute f\u00fcr angewandte Forschung im Bereich der&nbsp;<strong>softwareintensiven Systeme<\/strong>. Als Teil der Fraunhofer-Gesellschaft unterst\u00fctzt das IESE Unternehmen und \u00f6ffentliche Einrichtungen dabei,&nbsp;<strong>sichere, vertrauensw\u00fcrdige und zukunftsf\u00e4hige digitale L\u00f6sungen<\/strong>&nbsp;zu entwickeln.<\/p>\n\n\n\n<p>Kernkompetenzen des Instituts liegen in den Bereichen&nbsp;<strong>Softwarearchitekturen<\/strong>,&nbsp;<strong>Systemmodellierung<\/strong>,&nbsp;<strong>Cyber-Physische Systeme<\/strong>,&nbsp;<strong>Edge\/Cloud-Integration<\/strong>,&nbsp;<strong>Digitale Zwillinge<\/strong>&nbsp;und&nbsp;<strong>Safety &amp; Security Engineering<\/strong>. Insbesondere im Kontext von&nbsp;<strong>Industrie 4.0<\/strong>,&nbsp;<strong>mobiler Systeme<\/strong>,&nbsp;<strong>Smart Cities<\/strong>&nbsp;und&nbsp;<strong>Digital Health<\/strong>&nbsp;bietet das IESE praxisorientierte Beratung, Methodik und Entwicklung.<\/p>\n\n\n\n<p>Das Fraunhofer IESE legt gro\u00dfen Wert auf&nbsp;<strong>Transferf\u00e4higkeit und Nachhaltigkeit<\/strong>&nbsp;seiner Forschung. In enger Zusammenarbeit mit Industriepartnern werden individuelle Softwarel\u00f6sungen und digitale Strategien entwickelt, die sowohl wirtschaftlich als auch gesellschaftlich tragf\u00e4hig sind.<\/p>\n\n\n\n<p>Im Rahmen des Projekts&nbsp;<strong>AI Storytelling<\/strong>&nbsp;bringt das IESE seine Expertise in&nbsp;<strong>Modellierung, Wissensrepr\u00e4sentation und KI-Ethik<\/strong>&nbsp;ein. Ziel ist es, die&nbsp;<strong>Verst\u00e4ndlichkeit und Akzeptanz KI-basierter Systeme<\/strong>&nbsp;zu f\u00f6rdern und sichere Entscheidungsunterst\u00fctzung in der industriellen Praxis zu erm\u00f6glichen.<\/p>\n\n\n\n<p>Mehr erfahren: <a href=\"https:\/\/www.iese.fraunhofer.de\">https:\/\/www.iese.fraunhofer.de<\/a><\/p>\n","protected":false},"excerpt":{"rendered":"<p>Das&nbsp;Fraunhofer-Institut f\u00fcr Experimentelles Software Engineering IESE&nbsp;mit Sitz in&nbsp;Kaiserslautern&nbsp;ist eines der f\u00fchrenden Institute f\u00fcr angewandte Forschung im Bereich der&nbsp;softwareintensiven Systeme. Als Teil der Fraunhofer-Gesellschaft unterst\u00fctzt das IESE Unternehmen und \u00f6ffentliche Einrichtungen dabei,&nbsp;sichere, vertrauensw\u00fcrdige und zukunftsf\u00e4hige digitale L\u00f6sungen&nbsp;zu entwickeln. Kernkompetenzen des Instituts liegen in den Bereichen&nbsp;Softwarearchitekturen,&nbsp;Systemmodellierung,&nbsp;Cyber-Physische Systeme,&nbsp;Edge\/Cloud-Integration,&nbsp;Digitale Zwillinge&nbsp;und&nbsp;Safety &amp; Security Engineering. Insbesondere im Kontext von&nbsp;Industrie 4.0,&nbsp;mobiler Systeme,&nbsp;Smart [&hellip;]<\/p>\n","protected":false},"author":3,"featured_media":0,"parent":0,"menu_order":0,"comment_status":"closed","ping_status":"closed","template":"","meta":{"_uag_custom_page_level_css":"","footnotes":""},"class_list":["post-198","page","type-page","status-publish","hentry"],"uagb_featured_image_src":{"full":false,"thumbnail":false,"medium":false,"medium_large":false,"large":false,"1536x1536":false,"2048x2048":false},"uagb_author_info":{"display_name":"Tina Haase","author_link":"https:\/\/www.ai-storytelling.de\/?author=3"},"uagb_comment_info":0,"uagb_excerpt":"Das&nbsp;Fraunhofer-Institut f\u00fcr Experimentelles Software Engineering IESE&nbsp;mit Sitz in&nbsp;Kaiserslautern&nbsp;ist eines der f\u00fchrenden Institute f\u00fcr angewandte Forschung im Bereich der&nbsp;softwareintensiven Systeme. Als Teil der Fraunhofer-Gesellschaft unterst\u00fctzt das IESE Unternehmen und \u00f6ffentliche Einrichtungen dabei,&nbsp;sichere, vertrauensw\u00fcrdige und zukunftsf\u00e4hige digitale L\u00f6sungen&nbsp;zu entwickeln. Kernkompetenzen des Instituts liegen in den Bereichen&nbsp;Softwarearchitekturen,&nbsp;Systemmodellierung,&nbsp;Cyber-Physische Systeme,&nbsp;Edge\/Cloud-Integration,&nbsp;Digitale Zwillinge&nbsp;und&nbsp;Safety &amp; Security Engineering. Insbesondere im Kontext von&nbsp;Industrie 4.0,&nbsp;mobiler Systeme,&nbsp;Smart&hellip;","_links":{"self":[{"href":"https:\/\/www.ai-storytelling.de\/index.php?rest_route=\/wp\/v2\/pages\/198","targetHints":{"allow":["GET"]}}],"collection":[{"href":"https:\/\/www.ai-storytelling.de\/index.php?rest_route=\/wp\/v2\/pages"}],"about":[{"href":"https:\/\/www.ai-storytelling.de\/index.php?rest_route=\/wp\/v2\/types\/page"}],"author":[{"embeddable":true,"href":"https:\/\/www.ai-storytelling.de\/index.php?rest_route=\/wp\/v2\/users\/3"}],"replies":[{"embeddable":true,"href":"https:\/\/www.ai-storytelling.de\/index.php?rest_route=%2Fwp%2Fv2%2Fcomments&post=198"}],"version-history":[{"count":8,"href":"https:\/\/www.ai-storytelling.de\/index.php?rest_route=\/wp\/v2\/pages\/198\/revisions"}],"predecessor-version":[{"id":564,"href":"https:\/\/www.ai-storytelling.de\/index.php?rest_route=\/wp\/v2\/pages\/198\/revisions\/564"}],"wp:attachment":[{"href":"https:\/\/www.ai-storytelling.de\/index.php?rest_route=%2Fwp%2Fv2%2Fmedia&parent=198"}],"curies":[{"name":"wp","href":"https:\/\/api.w.org\/{rel}","templated":true}]}}