{"id":179,"date":"2025-05-27T09:30:54","date_gmt":"2025-05-27T07:30:54","guid":{"rendered":"https:\/\/www.ai-storytelling.de\/?page_id=179"},"modified":"2025-06-11T17:54:51","modified_gmt":"2025-06-11T15:54:51","slug":"gesa-automation-massgeschneiderte-loesungen-fuer-die-industrie","status":"publish","type":"page","link":"https:\/\/www.ai-storytelling.de\/?page_id=179","title":{"rendered":""},"content":{"rendered":"\n<div class=\"wp-block-uagb-image aligncenter uagb-block-585f80d2 wp-block-uagb-image--layout-default wp-block-uagb-image--effect-static wp-block-uagb-image--align-center\"><figure class=\"wp-block-uagb-image__figure\"><img decoding=\"async\" srcset=\"https:\/\/www.ai-storytelling.de\/wp-content\/uploads\/2025\/06\/Logo_GESA_4c.png ,https:\/\/www.ai-storytelling.de\/wp-content\/uploads\/2025\/06\/Logo_GESA_4c.png 780w, https:\/\/www.ai-storytelling.de\/wp-content\/uploads\/2025\/06\/Logo_GESA_4c.png 360w\" sizes=\"(max-width: 480px) 150px\" src=\"https:\/\/www.ai-storytelling.de\/wp-content\/uploads\/2025\/06\/Logo_GESA_4c.png\" alt=\"\" class=\"uag-image-408\" width=\"500\" height=\"150\" title=\"Logo_GESA_4c\" loading=\"lazy\" role=\"img\"\/><\/figure><\/div>\n\n\n\n<p><\/p>\n\n\n\n<p><\/p>\n\n\n\n<div class=\"wp-block-cover\" style=\"min-height:150px;aspect-ratio:unset;\"><span aria-hidden=\"true\" class=\"wp-block-cover__background has-background-dim-100 has-background-dim has-background-gradient\" style=\"background:linear-gradient(90deg,rgb(122,220,180) 0%,rgb(0,208,130) 100%)\"><\/span><div class=\"wp-block-cover__inner-container is-layout-constrained wp-block-cover-is-layout-constrained\">\n<p class=\"has-text-align-center has-large-font-size\">Ma\u00dfgeschneiderte L\u00f6sungen f\u00fcr die Industrie<\/p>\n<\/div><\/div>\n\n\n\n<p>Die Firma GESA Automation GmbH wurde im Sommer 1990 unter dem Namen GESA Prozessautomation GmbH gegr\u00fcndet und ist seitdem als ostdeutsches Unternehmen in <strong>Teuchern<\/strong>, im S\u00fcden <strong>Sachsen-Anhalts<\/strong> ans\u00e4ssig.&nbsp;<\/p>\n\n\n\n<p>Unser Unternehmen arbeitet heute <strong>weltweit<\/strong> im <strong>Automatisierungsanlagenbau<\/strong>. Auf diesem Gebiet betreuen wir \u00fcberwiegend Industriekunden. Unsere Wirkungsschwerpunkte liegen in den Bereichen <strong>Chemische Industrie<\/strong>, <strong>F\u00f6rdertechnik<\/strong>, <strong>Energietechnik<\/strong>, <strong>Automobil<\/strong>, <strong>Nahrungs<\/strong>&#8211; und <strong>Genussmittel<\/strong> sowie <strong>Ver<\/strong>&#8211; und <strong>Entsorgung<\/strong>. Unsere Kunden sind sowohl <strong>Anlagenbauer<\/strong> als auch <strong>Anlagenbetreiber<\/strong>.&nbsp;<\/p>\n\n\n\n<p>Zu unseren <strong>Kernkompetenzen<\/strong> geh\u00f6ren der <strong>Schaltschrankbau<\/strong> und die <strong>Programmierung<\/strong> von <strong>Steuerungs<\/strong>&#8211; und <strong>Visualisierungssystemen<\/strong>. Die hochmotivierte Belegschaft des Unternehmens besteht \u00fcberwiegend aus <strong>Ingenieuren<\/strong>.&nbsp;<\/p>\n\n\n\n<p>Eine besondere St\u00e4rke liegt in der Flexibilit\u00e4t unseres angebotenen Leistungsprofils, die stets eine <strong>kundenorientierte L\u00f6sung<\/strong> der technischen Aufgabenstellungen erm\u00f6glicht. Insgesamt verf\u00fcgt unser fachlich gut qualifiziertes Personal \u00fcber umfangreiche Erfahrungen bei der Automatisierung industrieller Anlagen. Unser Team ist in der Lage, anspruchsvolle Aufgaben termingerecht und in hoher Qualit\u00e4t zu l\u00f6sen.&nbsp;<\/p>\n\n\n\n<p>Die Zufriedenheit unserer Kunden, Sicherheit, Gesundheits- und Umweltschutz besitzen f\u00fcr uns h\u00f6chste Bedeutung. Dieses Streben bringen wir durch eine Zertifizierung nach der Qualit\u00e4tssicherungsnorm DIN EN ISO 9001 und dem SGU Regelwerk SCC* zum Ausdruck.&nbsp;<\/p>\n\n\n\n<p>Mehr erfahren: <a href=\"https:\/\/gesa-automation.de\/content\/ueberuns\/unternehmen.php\">https:\/\/gesa-automation.de\/content\/ueberuns\/unternehmen.php<\/a><\/p>\n","protected":false},"excerpt":{"rendered":"<p>Die Firma GESA Automation GmbH wurde im Sommer 1990 unter dem Namen GESA Prozessautomation GmbH gegr\u00fcndet und ist seitdem als ostdeutsches Unternehmen in Teuchern, im S\u00fcden Sachsen-Anhalts ans\u00e4ssig.&nbsp; Unser Unternehmen arbeitet heute weltweit im Automatisierungsanlagenbau. Auf diesem Gebiet betreuen wir \u00fcberwiegend Industriekunden. Unsere Wirkungsschwerpunkte liegen in den Bereichen Chemische Industrie, F\u00f6rdertechnik, Energietechnik, Automobil, Nahrungs&#8211; und [&hellip;]<\/p>\n","protected":false},"author":3,"featured_media":0,"parent":0,"menu_order":0,"comment_status":"closed","ping_status":"closed","template":"","meta":{"_uag_custom_page_level_css":"","footnotes":""},"class_list":["post-179","page","type-page","status-publish","hentry"],"uagb_featured_image_src":{"full":false,"thumbnail":false,"medium":false,"medium_large":false,"large":false,"1536x1536":false,"2048x2048":false},"uagb_author_info":{"display_name":"Tina Haase","author_link":"https:\/\/www.ai-storytelling.de\/?author=3"},"uagb_comment_info":0,"uagb_excerpt":"Die Firma GESA Automation GmbH wurde im Sommer 1990 unter dem Namen GESA Prozessautomation GmbH gegr\u00fcndet und ist seitdem als ostdeutsches Unternehmen in Teuchern, im S\u00fcden Sachsen-Anhalts ans\u00e4ssig.&nbsp; Unser Unternehmen arbeitet heute weltweit im Automatisierungsanlagenbau. Auf diesem Gebiet betreuen wir \u00fcberwiegend Industriekunden. Unsere Wirkungsschwerpunkte liegen in den Bereichen Chemische Industrie, F\u00f6rdertechnik, Energietechnik, Automobil, Nahrungs&#8211; und&hellip;","_links":{"self":[{"href":"https:\/\/www.ai-storytelling.de\/index.php?rest_route=\/wp\/v2\/pages\/179","targetHints":{"allow":["GET"]}}],"collection":[{"href":"https:\/\/www.ai-storytelling.de\/index.php?rest_route=\/wp\/v2\/pages"}],"about":[{"href":"https:\/\/www.ai-storytelling.de\/index.php?rest_route=\/wp\/v2\/types\/page"}],"author":[{"embeddable":true,"href":"https:\/\/www.ai-storytelling.de\/index.php?rest_route=\/wp\/v2\/users\/3"}],"replies":[{"embeddable":true,"href":"https:\/\/www.ai-storytelling.de\/index.php?rest_route=%2Fwp%2Fv2%2Fcomments&post=179"}],"version-history":[{"count":9,"href":"https:\/\/www.ai-storytelling.de\/index.php?rest_route=\/wp\/v2\/pages\/179\/revisions"}],"predecessor-version":[{"id":563,"href":"https:\/\/www.ai-storytelling.de\/index.php?rest_route=\/wp\/v2\/pages\/179\/revisions\/563"}],"wp:attachment":[{"href":"https:\/\/www.ai-storytelling.de\/index.php?rest_route=%2Fwp%2Fv2%2Fmedia&parent=179"}],"curies":[{"name":"wp","href":"https:\/\/api.w.org\/{rel}","templated":true}]}}